{"id":1575,"date":"2024-09-03T19:45:41","date_gmt":"2024-09-03T19:45:41","guid":{"rendered":"https:\/\/www.almerkimya.net\/en\/urun\/zovirox-copy-copy-copy\/"},"modified":"2024-09-03T19:59:43","modified_gmt":"2024-09-03T19:59:43","slug":"almer-interkokask","status":"publish","type":"product","link":"https:\/\/www.almerkimya.com\/en\/product\/almer-interkokask\/","title":{"rendered":"Almer Interkokask"},"content":{"rendered":"<p><strong>GENEL \u00d6ZELL\u0130KLER<\/strong><\/p>\n<p>INTERKOKASK; koksidiyal oosit, parazit yumurtalar\u0131 (yuvarlak kurt yumurta), bakteriler dahil T\u0131bB, mantar ve vir\u00fcslere kar\u015f\u0131 hayvan k\u00fcmeslerinde kullan\u0131lan geni\u015f spektrumlu dezenfektand\u0131r. Ayr\u0131ca akarlar (mite) ve uyuz etkisinin yumurtalar\u0131n\u0131 yok eder.<\/p>\n<ul>\n<li>Koksidiyal oositler ve solucan yumurtalar\u0131na kar\u015f\u0131 etkinli\u011fi Alman Veteriner Hekimler Derne\u011fi (DVG) taraf\u0131ndan onaylanm\u0131\u015ft\u0131r. Sertifika tarihi 13.01.2007<\/li>\n<li>Uzmanlar taraf\u0131ndan bakteri ve mantarlara kar\u015f\u0131 etkinli\u011fi Avrupa veteriner normuna g\u00f6re teyit edilmi\u015ftir.<\/li>\n<\/ul>\n<p><strong>KULLANIM \u015eEKL\u0130 VE DOZU<\/strong><\/p>\n<p>Hayvanlar \u00e7\u0131kar\u0131ld\u0131ktan sonra k\u00fcmesin veya ah\u0131r\u0131n kaba temizli\u011fi yap\u0131l\u0131r. K\u00fcmesin t\u00fcm y\u00fczeylerine, k\u00fcmes ekipmanlar\u0131na ve k\u00fcmes duvarlar\u0131n\u0131n \u00f6zellikle 150 metre y\u00fcksekli\u011fine kadar olan k\u0131s\u0131mlara ALMER INTERKOKASK\u2019\u0131n uygun y\u00fcksek bas\u0131n\u00e7l\u0131 sprey cihazlar\u0131 ile p\u00fcsk\u00fcrt\u00fcl\u00fcr. \u00c7atlak ve yar\u0131klar, g\u00fcbre kanallar\u0131na, drenaj kanallar\u0131na ve \u00e7evresine dikkatlice uygulama yap\u0131l\u0131r. Durulama yapmaya gerek yoktur. K\u00fcmesin kurumas\u0131 sa\u011flan\u0131r. Uygulama yap\u0131ld\u0131ktan hemen sonra hayvanlar tekrar i\u00e7eri al\u0131nabilir.<\/p>\n<ul>\n<li>Kullan\u0131ma haz\u0131r \u00e7\u00f6zeltiden DVG\u2019ye g\u00f6re 400 mL\/m\u00b2 \u015feklinde uygulama yap\u0131l\u0131r.<\/li>\n<\/ul>\n<table border=\"1\" cellspacing=\"0\" cellpadding=\"5\">\n<tbody>\n<tr>\n<th>Zararl\u0131 T\u00fcr\u00fc<\/th>\n<th>Uygulama alan\u0131 ve \u015fekli<\/th>\n<th>Uygulama dozu<\/th>\n<th>Etkinlik S\u00fcresi<\/th>\n<\/tr>\n<tr>\n<td>Pseudomonas aeruginosa<\/td>\n<td rowspan=\"7\">Yer ve y\u00fczeylere p\u00fcsk\u00fcrtme<\/td>\n<td>%1&#8217;lik Sol\u00fcsyon<\/td>\n<td>30 dakika<\/td>\n<\/tr>\n<tr>\n<td>Escherichia coli<\/td>\n<td>%1&#8217;lik Sol\u00fcsyon<\/td>\n<td>30 dakika<\/td>\n<\/tr>\n<tr>\n<td>Enterococcus laerallis<\/td>\n<td>%1&#8217;lik Sol\u00fcsyon<\/td>\n<td>30 dakika<\/td>\n<\/tr>\n<tr>\n<td>Candida albicans<\/td>\n<td>%1&#8217;lik Sol\u00fcsyon<\/td>\n<td>30 dakika<\/td>\n<\/tr>\n<tr>\n<td>Staphylococcus aureus<\/td>\n<td>%4&#8217;l\u00fck Sol\u00fcsyon<\/td>\n<td>120 dakika<\/td>\n<\/tr>\n<tr>\n<td>Coccidial oocyst<\/td>\n<td>%4&#8217;l\u00fck Sol\u00fcsyon<\/td>\n<td>120 dakika<\/td>\n<\/tr>\n<tr>\n<td>Roundworm eggs<\/td>\n<td>%2&#8217;lik Sol\u00fcsyon<\/td>\n<td>120 dakika<\/td>\n<\/tr>\n<\/tbody>\n<\/table>\n<p><strong>UYGULAMALAR<\/strong><\/p>\n<p>Genel dezenfektanlar endoparazitlerin diren\u00e7li formlar\u0131n\u0131 \u00f6ld\u00fcremez. Bu nedenle, ALMER INTERKOKASK kullan\u0131m\u0131n\u0131 b\u00fct\u00fcn durumlardan, \u00f6zellikle koksidiyal oositler, solucan yumurtalar\u0131 ve larvalar\u0131 ile m\u00fccadele i\u00e7in \u00f6nerilmektedir. Tavuk ve hindi k\u00fcmeslerinde, di\u011fer ah\u0131rlarda ve tav\u015fan bar\u0131naklar\u0131nda kullan\u0131lmaktad\u0131r. Aksi halde, k\u00f6t\u00fc yem d\u00f6n\u00fc\u015f\u00fcm\u00fc oran\u0131, daha fazla yem t\u00fcketimi, hastal\u0131klar ve y\u00fcksek d\u00fczeydeki \u00f6l\u00fcmlere neden olan sonu\u00e7lar olabilir.<\/p>\n<p><strong>M\u0130KROB\u0130YOLOJ\u0130K ETK\u0130S\u0130<\/strong><\/p>\n<p>Solucan yumurtalar\u0131 ve koksidiyal oositler \u00e7ok dayan\u0131kl\u0131d\u0131r. Protein, kitin ve lipidten olu\u015fan koruyucu tabakalar\u0131 vard\u0131r ve uzun s\u00fcre hayatta kalmalar\u0131n\u0131 sa\u011flar. Konvansiyonel dezenfektanlar etkili, y\u00fcksek s\u0131cakl\u0131klarda, galara ve bu y\u00fczeylerin alt\u0131nda kalan oositleri etkin bir \u015fekilde inaktive edemez.<\/p>\n<p>ALMER INTERKOKASK, parazitlerin kal\u0131c\u0131 formlar\u0131n\u0131 kesinlikle yok eder. \u00d6r: Koksidiyal oosit, k\u00fcmes hayvanlar\u0131nda Eimeria t\u00fcrleri, Isospora t\u00fcrleri, Haemokiyer (Dictyocaulus t\u00fcrleri) ve yuvarlak kurtlar, kancal\u0131 kurtlar (Trichostrongylus t\u00fcrleri), nematod t\u00fcrleri (Haemonchus) ve bant kurtlar\u0131 (Cestoda), Giardia ve Cryptosporidia.<\/p>\n<p><strong>AMBALAJ \u015eEKL\u0130<\/strong><\/p>\n<p>100 mL, 250 mL, 1 lt, 5 lt, 20 lt&#8217;lik ambalajlarda sunulmu\u015ftur.<\/p>\n","protected":false},"excerpt":{"rendered":"<p><strong>ALMER INTERKOKASK\u00ae<\/strong><\/p>\n<p><strong>KOKS\u0130D\u0130YAL OOS\u0130TLER, PARAZ\u0130T YUMURTALARI, BAKTER\u0130, MANTAR VE V\u0130R\u00dcSLERE KAR\u015eI ETK\u0130L\u0130 GEN\u0130\u015e SPEKTRUMLU DEZENFEKTAN<\/strong><\/p>\n<p><strong>B\u0130LE\u015e\u0130M\u0130<\/strong><\/p>\n<table style=\"border-collapse: collapse; width: 302px; height: 314px;\" border=\"0\" width=\"64\" cellspacing=\"0\" cellpadding=\"0\">\n<tbody>\n<tr style=\"height: 45.0pt;\">\n<td class=\"xl64\" style=\"height: 45.0pt; width: 48pt;\" width=\"64\" height=\"60\"><strong>Aktif Maddenin Ad\u0131<\/strong><\/td>\n<\/tr>\n<tr style=\"height: 30.0pt;\">\n<td class=\"xl63\" style=\"height: 30.0pt; width: 48pt;\" width=\"64\" height=\"40\">Klorokresol<\/td>\n<\/tr>\n<tr style=\"height: 45.0pt;\">\n<td class=\"xl65\" style=\"height: 45.0pt; width: 48pt;\" width=\"64\" height=\"60\"><strong>Yard\u0131mc\u0131 Maddelerin Ad\u0131<\/strong><\/td>\n<\/tr>\n<tr style=\"height: 30.0pt;\">\n<td class=\"xl63\" style=\"height: 30.0pt; width: 48pt;\" width=\"64\" height=\"40\">Stabilizat\u00f6rler<\/td>\n<\/tr>\n<tr style=\"height: 30.0pt;\">\n<td class=\"xl63\" style=\"height: 30.0pt; width: 48pt;\" width=\"64\" height=\"40\">Koruyucu<\/td>\n<\/tr>\n<tr style=\"height: 30.0pt;\">\n<td class=\"xl63\" style=\"height: 30.0pt; width: 48pt;\" width=\"64\" height=\"40\">\u00c7\u00f6z\u00fcc\u00fc<\/td>\n<\/tr>\n<\/tbody>\n<\/table>\n","protected":false},"featured_media":1585,"template":"","meta":{"om_disable_all_campaigns":false},"product_cat":[49],"product_tag":[],"class_list":{"0":"post-1575","1":"product","2":"type-product","3":"status-publish","4":"has-post-thumbnail","6":"product_cat-disinfectants","8":"first","9":"instock","10":"shipping-taxable","11":"product-type-simple"},"_links":{"self":[{"href":"https:\/\/www.almerkimya.com\/en\/wp-json\/wp\/v2\/product\/1575","targetHints":{"allow":["GET"]}}],"collection":[{"href":"https:\/\/www.almerkimya.com\/en\/wp-json\/wp\/v2\/product"}],"about":[{"href":"https:\/\/www.almerkimya.com\/en\/wp-json\/wp\/v2\/types\/product"}],"wp:featuredmedia":[{"embeddable":true,"href":"https:\/\/www.almerkimya.com\/en\/wp-json\/wp\/v2\/media\/1585"}],"wp:attachment":[{"href":"https:\/\/www.almerkimya.com\/en\/wp-json\/wp\/v2\/media?parent=1575"}],"wp:term":[{"taxonomy":"product_cat","embeddable":true,"href":"https:\/\/www.almerkimya.com\/en\/wp-json\/wp\/v2\/product_cat?post=1575"},{"taxonomy":"product_tag","embeddable":true,"href":"https:\/\/www.almerkimya.com\/en\/wp-json\/wp\/v2\/product_tag?post=1575"}],"curies":[{"name":"wp","href":"https:\/\/api.w.org\/{rel}","templated":true}]}}